{"id":6460,"date":"2023-06-20T10:45:38","date_gmt":"2023-06-20T08:45:38","guid":{"rendered":"https:\/\/campingles2iles.fr\/kontakt-acces\/"},"modified":"2023-10-26T17:08:47","modified_gmt":"2023-10-26T15:08:47","slug":"kontakt-acces","status":"publish","type":"page","link":"https:\/\/campingles2iles.fr\/de\/kontakt-acces\/","title":{"rendered":"Infos &amp; Kontakte"},"content":{"rendered":"\n<div class=\"wp-block-group is-layout-constrained wp-container-core-group-is-layout-bbbb44a5 wp-block-group-is-layout-constrained\" style=\"padding-top:var(--wp--preset--spacing--60);padding-right:var(--wp--preset--spacing--60);padding-bottom:var(--wp--preset--spacing--60);padding-left:var(--wp--preset--spacing--60)\">\n<h1 class=\"wp-block-heading has-text-align-center has-link-color-color has-text-color\" style=\"margin-top:var(--wp--preset--spacing--60);margin-right:var(--wp--preset--spacing--60);margin-bottom:var(--wp--preset--spacing--60);margin-left:var(--wp--preset--spacing--60);padding-top:var(--wp--preset--spacing--60);padding-right:var(--wp--preset--spacing--60);padding-bottom:var(--wp--preset--spacing--60);padding-left:var(--wp--preset--spacing--60)\">Kontakt und Zugang<\/h1>\n\n\n\n<div class=\"wp-block-columns is-layout-flex wp-container-core-columns-is-layout-28f84493 wp-block-columns-is-layout-flex\">\n<div class=\"wp-block-column is-vertically-aligned-top is-layout-flow wp-block-column-is-layout-flow\">\n<h2 class=\"wp-block-heading\">Kontaktieren Sie Camping Paradis<\/h2>\n\n\n\n<p>Haben Sie Fragen oder ben\u00f6tigen Sie weitere Informationen zu Ihrem n\u00e4chsten Aufenthalt auf <a href=\"\/\">Camping Paradis in der Haute-Vienne<\/a>? Z\u00f6gern Sie nicht, uns zu kontaktieren, wir sind hier, um Ihnen zu helfen!<\/p>\n\n\n\n<p>Sie k\u00f6nnen uns <strong>telefonisch unter +33 (0) 5 55 35 60 81<\/strong> oder per <strong>E-Mail unter folgender Adresse <\/strong> erreichen: <a href=\"mailto:les2iles.camping@gmail.com\">\n  <strong>les2iles.camping@gmail.com<\/strong>\n<\/a>.<br\/>Wenn Sie es vorziehen, k\u00f6nnen Sie auch unser<strong> Online-Kontaktformular<\/strong> ausf\u00fcllen. Wir freuen uns, Ihnen so schnell wie m\u00f6glich zu antworten. Wir freuen uns darauf, Sie f\u00fcr einen unvergesslichen Urlaub in der N\u00e4he von Limoges begr\u00fc\u00dfen zu d\u00fcrfen!<\/p>\n<\/div>\n\n\n\n<div class=\"wp-block-column is-layout-flow wp-block-column-is-layout-flow\">\n<div class=\"wp-block-contact-form-7-contact-form-selector formulaire-contact\">\n<div class=\"wpcf7 no-js\" id=\"wpcf7-f6602-o1\" lang=\"de-DE\" dir=\"ltr\" data-wpcf7-id=\"6602\">\n<div class=\"screen-reader-response\"><p role=\"status\" aria-live=\"polite\" aria-atomic=\"true\"><\/p> <ul><\/ul><\/div>\n<form action=\"\/de\/wp-json\/wp\/v2\/pages\/6460#wpcf7-f6602-o1\" method=\"post\" class=\"wpcf7-form init\" id=\"formulaire-contact\" aria-label=\"Kontaktformular\" novalidate=\"novalidate\" data-status=\"init\">\n<div style=\"display: none;\">\n<input type=\"hidden\" name=\"_wpcf7\" value=\"6602\" \/>\n<input type=\"hidden\" name=\"_wpcf7_version\" value=\"6.0.6\" \/>\n<input type=\"hidden\" name=\"_wpcf7_locale\" value=\"de_DE\" \/>\n<input type=\"hidden\" name=\"_wpcf7_unit_tag\" value=\"wpcf7-f6602-o1\" \/>\n<input type=\"hidden\" name=\"_wpcf7_container_post\" value=\"0\" \/>\n<input type=\"hidden\" name=\"_wpcf7_posted_data_hash\" value=\"\" \/>\n<input type=\"hidden\" name=\"_wpcf7_recaptcha_response\" value=\"\" \/>\n<\/div>\n<p><label> Ihr Name<br \/>\n<span class=\"wpcf7-form-control-wrap\" data-name=\"your-name\"><input size=\"40\" maxlength=\"400\" class=\"wpcf7-form-control wpcf7-text wpcf7-validates-as-required\" autocomplete=\"name\" aria-required=\"true\" aria-invalid=\"false\" value=\"\" type=\"text\" name=\"your-name\" \/><\/span> <\/label>\n<\/p>\n<p><label> Ihre E-Mail<br \/>\n<span class=\"wpcf7-form-control-wrap\" data-name=\"your-email\"><input size=\"40\" maxlength=\"400\" class=\"wpcf7-form-control wpcf7-email wpcf7-validates-as-required wpcf7-text wpcf7-validates-as-email\" autocomplete=\"email\" aria-required=\"true\" aria-invalid=\"false\" value=\"\" type=\"email\" name=\"your-email\" \/><\/span> <\/label>\n<\/p>\n<p><label> Objekt<br \/>\n<span class=\"wpcf7-form-control-wrap\" data-name=\"your-subject\"><input size=\"40\" maxlength=\"400\" class=\"wpcf7-form-control wpcf7-text wpcf7-validates-as-required\" aria-required=\"true\" aria-invalid=\"false\" value=\"\" type=\"text\" name=\"your-subject\" \/><\/span> <\/label>\n<\/p>\n<p><label> Ihre Nachricht<br \/>\n<span class=\"wpcf7-form-control-wrap\" data-name=\"your-message\"><textarea cols=\"40\" rows=\"10\" maxlength=\"2000\" class=\"wpcf7-form-control wpcf7-textarea\" aria-invalid=\"false\" name=\"your-message\"><\/textarea><\/span> <\/label>\n<\/p>\n<p><span class=\"wpcf7-form-control-wrap\" data-name=\"acceptance-553\"><span class=\"wpcf7-form-control wpcf7-acceptance\"><span class=\"wpcf7-list-item\"><label><input type=\"checkbox\" name=\"acceptance-553\" value=\"1\" aria-invalid=\"false\" \/><span class=\"wpcf7-list-item-label\">Indem ich dieses K\u00e4stchen ankreuze, stimme ich der <a href=\"\/de\/datenschutzrichtlinie\/\" rel=\"nofollow\" target=\"_blank\">Datenschutzrichtlinie<\/a> dieser Website zu.<\/span><\/label><\/span><\/span><\/span>\n<\/p>\n<p><input class=\"wpcf7-form-control wpcf7-submit has-spinner\" type=\"submit\" value=\"Senden Sie\" \/>\n<\/p><div class=\"wpcf7-response-output\" aria-hidden=\"true\"><\/div>\n<\/form>\n<\/div>\n<\/div>\n<\/div>\n<\/div>\n\n\n\n<div class=\"wp-block-columns is-layout-flex wp-container-core-columns-is-layout-28f84493 wp-block-columns-is-layout-flex\">\n<div class=\"wp-block-column is-vertically-aligned-center is-layout-flow wp-block-column-is-layout-flow\">\n<iframe src=\"https:\/\/www.google.com\/maps\/embed?pb=!1m14!1m8!1m3!1d89004.97931996823!2d1.7905931!3d45.8031347!3m2!1i1024!2i768!4f13.1!3m3!1m2!1s0x47f9097841479581%3A0xbd988e7bb7aef105!2sCamping%20Paradis%20Les%202%20%C3%AEles!5e0!3m2!1sfr!2sfr!4v1693311080946!5m2!1sfr!2sfr\" width=\"100%\" height=\"700\" style=\"border:0;\" allowfullscreen=\"\" loading=\"lazy\" referrerpolicy=\"no-referrer-when-downgrade\"><\/iframe>\n<\/div>\n\n\n\n<div class=\"wp-block-column is-vertically-aligned-center is-layout-flow wp-block-column-is-layout-flow\">\n<h2 class=\"wp-block-heading\">Anreise zum Camping Paradis in der N\u00e4he von Limoges<\/h2>\n\n\n\n<p>Bereiten Sie Ihre Route zu unserem Camping Paradis vor, das in der Haute-Vienne in der N\u00e4he von Limoges liegt. Unsere <strong>Adresse<\/strong> lautet wie folgt: <strong>Lieu-dit Auphelle 87470 Peyrat-le-Ch\u00e2teau<\/strong>.<\/p>\n\n\n\n<p>Damit Sie uns leichter finden k\u00f6nnen, sind hier unsere<strong> geografischen Koordinaten: 45.806243622180006, 1.842736912756803<\/strong>. Ob Sie mit dem Auto, dem Zug oder dem Flugzeug anreisen, wir sind leicht zu erreichen.<\/p>\n\n\n\n<p>Bitte z\u00f6gern Sie nicht, uns zu kontaktieren, wenn Sie Hilfe bei der Planung Ihrer Reise ben\u00f6tigen. Wir freuen uns darauf, Sie zu begr\u00fc\u00dfen und Ihnen all die Wunder unserer sch\u00f6nen Region zu zeigen!<\/p>\n<\/div>\n<\/div>\n<\/div>\n\n<div class=\"wp-block-group overflow-visible has-background is-layout-constrained wp-container-core-group-is-layout-155c3ba4 wp-block-group-is-layout-constrained\" style=\"border-top-color:var(--wp--preset--color--white);border-top-width:12rem;border-right-color:var(--wp--preset--color--white);border-bottom-color:var(--wp--preset--color--white);border-left-color:var(--wp--preset--color--white);background:linear-gradient(160deg,rgb(255,255,255) 29%,rgb(173,219,243) 29%);margin-top:0rem;margin-bottom:0;padding-top:var(--wp--preset--spacing--80);padding-bottom:8rem\">\n<figure class=\"wp-block-image size-full is-resized rellax is-style-gt-bg-image-bottom-left\"><img decoding=\"async\" sizes=\"(max-width: min(calc(100% - 15vw), 273px)) 100vw, min(calc(100% - 15vw), 273px)\" src=\"https:\/\/campingles2iles.fr\/wp-content\/uploads\/sites\/39\/2023\/05\/actualites-camping-paradis.png\" alt=\"news camping paradis\" class=\"wp-image-841\" style=\"width:205px;height:164px\" width=\"205\" height=\"164\"\/><\/figure>\n\n\n\n<h2 class=\"wp-block-heading has-text-align-center z-index-3 position-relative m-n-t-20 animated fadeInUp has-large-font-size\">Entdecken Sie die Neuigkeiten vom Camping Paradis les 2 \u00eeles<\/h2>\n\n\n\n<div class=\"wp-block-group is-content-justification-center is-layout-constrained wp-container-core-group-is-layout-1557714b wp-block-group-is-layout-constrained\">\n<hr class=\"wp-block-separator has-text-color has-link-color-color has-alpha-channel-opacity has-link-color-background-color has-background animated fadeInUp delay-200ms\"\/>\n<\/div>\n\n\n\r\n<div \r\n     \r\n    class=\"gt-maillage-block animated fadeInUp delay-100ms slow\" \r\n    style=\"\"\r\n>\r\n\r\n    \r\n        \r\n        <article \r\n    class=\"gt-cta gt-cta--post\" \r\n    style=\"aspect-ratio:1\/1\"\r\n>\r\n    <a href=\"https:\/\/campingles2iles.fr\/de\/wasseraktivitaeten-ile-vassiviere\/\" title=\"Aktivit\u00e4ten \u00eele de Vassivi\u00e8re\" class=\"gt-cta__link\">\r\n        <div class=\"gt-cta__thumb\">\r\n                            <img alt=\"sortie pedalo ile vassiviere\" decoding=\"async\" width=\"1920\" height=\"1440\" src=\"https:\/\/campingles2iles.fr\/wp-content\/uploads\/sites\/39\/2023\/08\/sortie-pedalo-ile-vassiviere.webp\" class=\"attachment-full size-full wp-post-image\" alt=\"\" srcset=\"https:\/\/campingles2iles.fr\/wp-content\/uploads\/sites\/39\/2023\/08\/sortie-pedalo-ile-vassiviere.webp 1920w, https:\/\/campingles2iles.fr\/wp-content\/uploads\/sites\/39\/2023\/08\/sortie-pedalo-ile-vassiviere-300x225.webp 300w, https:\/\/campingles2iles.fr\/wp-content\/uploads\/sites\/39\/2023\/08\/sortie-pedalo-ile-vassiviere-1024x768.webp 1024w, https:\/\/campingles2iles.fr\/wp-content\/uploads\/sites\/39\/2023\/08\/sortie-pedalo-ile-vassiviere-768x576.webp 768w, https:\/\/campingles2iles.fr\/wp-content\/uploads\/sites\/39\/2023\/08\/sortie-pedalo-ile-vassiviere-1536x1152.webp 1536w\" sizes=\"(max-width: 1920px) 100vw, 1920px\" \/>                    <\/div>\r\n        <div class=\"gt-cta__content\">\r\n            <div class=\"gt-cta__title\">\r\n                Aktivit\u00e4ten \u00eele de Vassivi\u00e8re            <\/div>\r\n        <\/div>\r\n    <\/a>\r\n<\/article>\r\n    \r\n        <article \r\n    class=\"gt-cta gt-cta--post\" \r\n    style=\"aspect-ratio:1\/1\"\r\n>\r\n    <a href=\"https:\/\/campingles2iles.fr\/de\/tourismus-ile-vassiviere\/\" title=\"Entdecken Sie \u00cele de Vassivi\u00e8re\" class=\"gt-cta__link\">\r\n        <div class=\"gt-cta__thumb\">\r\n                            <img alt=\"sortie canoe ile vassiviere\" decoding=\"async\" width=\"1920\" height=\"1278\" src=\"https:\/\/campingles2iles.fr\/wp-content\/uploads\/sites\/39\/2023\/05\/sortie-canoe-ile-vassiviere.webp\" class=\"attachment-full size-full wp-post-image\" alt=\"\" srcset=\"https:\/\/campingles2iles.fr\/wp-content\/uploads\/sites\/39\/2023\/05\/sortie-canoe-ile-vassiviere.webp 1920w, https:\/\/campingles2iles.fr\/wp-content\/uploads\/sites\/39\/2023\/05\/sortie-canoe-ile-vassiviere-300x200.webp 300w, https:\/\/campingles2iles.fr\/wp-content\/uploads\/sites\/39\/2023\/05\/sortie-canoe-ile-vassiviere-1024x682.webp 1024w, https:\/\/campingles2iles.fr\/wp-content\/uploads\/sites\/39\/2023\/05\/sortie-canoe-ile-vassiviere-768x511.webp 768w, https:\/\/campingles2iles.fr\/wp-content\/uploads\/sites\/39\/2023\/05\/sortie-canoe-ile-vassiviere-1536x1022.webp 1536w\" sizes=\"(max-width: 1920px) 100vw, 1920px\" \/>                    <\/div>\r\n        <div class=\"gt-cta__content\">\r\n            <div class=\"gt-cta__title\">\r\n                Entdecken Sie \u00cele de Vassivi\u00e8re            <\/div>\r\n        <\/div>\r\n    <\/a>\r\n<\/article>\r\n            \r\n<\/div><\/div>\n","protected":false},"excerpt":{"rendered":"<p>Kontakt und Zugang Kontaktieren Sie Camping Paradis Haben Sie Fragen oder ben\u00f6tigen Sie weitere Informationen zu Ihrem n\u00e4chsten Aufenthalt auf Camping Paradis in der Haute-Vienne? Z\u00f6gern Sie nicht, uns zu kontaktieren, wir sind hier, um Ihnen zu helfen! Sie k\u00f6nnen uns telefonisch unter +33 (0) 5 55 35 60 81 oder per E-Mail unter folgender [&hellip;]<\/p>\n","protected":false},"author":1,"featured_media":6437,"parent":0,"menu_order":25,"comment_status":"closed","ping_status":"closed","template":"","meta":{"_acf_changed":false,"footnotes":""},"class_list":["post-6460","page","type-page","status-publish","has-post-thumbnail","hentry"],"acf":[],"yoast_head":"<!-- This site is optimized with the Yoast SEO plugin v24.8.1 - https:\/\/yoast.com\/wordpress\/plugins\/seo\/ -->\n<title>Kontakt Camping Paradis Les 2 \u00celes | Anreise zum Campingplatz in der N\u00e4he von Limoges<\/title>\n<meta name=\"robots\" content=\"index, follow, max-snippet:-1, max-image-preview:large, max-video-preview:-1\" \/>\n<link rel=\"canonical\" href=\"https:\/\/campingles2iles.fr\/de\/kontakt-acces\/\" \/>\n<meta property=\"og:locale\" content=\"de_DE\" \/>\n<meta property=\"og:type\" content=\"article\" \/>\n<meta property=\"og:title\" content=\"Kontakt Camping Paradis Les 2 \u00celes | Anreise zum Campingplatz in der N\u00e4he von Limoges\" \/>\n<meta property=\"og:description\" content=\"Kontakt und Zugang Kontaktieren Sie Camping Paradis Haben Sie Fragen oder ben\u00f6tigen Sie weitere Informationen zu Ihrem n\u00e4chsten Aufenthalt auf Camping Paradis in der Haute-Vienne? Z\u00f6gern Sie nicht, uns zu kontaktieren, wir sind hier, um Ihnen zu helfen! Sie k\u00f6nnen uns telefonisch unter +33 (0) 5 55 35 60 81 oder per E-Mail unter folgender [&hellip;]\" \/>\n<meta property=\"og:url\" content=\"https:\/\/campingles2iles.fr\/de\/kontakt-acces\/\" \/>\n<meta property=\"og:site_name\" content=\"Camping Paradis Les 2 Iles- Site Officiel - Meilleur Prix Garanti\" \/>\n<meta property=\"article:modified_time\" content=\"2023-10-26T15:08:47+00:00\" \/>\n<meta property=\"og:image\" content=\"http:\/\/campingles2iles.fr\/wp-content\/uploads\/sites\/39\/2023\/08\/camping-paradis-deux-iles2.webp\" \/>\n\t<meta property=\"og:image:width\" content=\"1920\" \/>\n\t<meta property=\"og:image:height\" content=\"820\" \/>\n\t<meta property=\"og:image:type\" content=\"image\/webp\" \/>\n<meta name=\"twitter:card\" content=\"summary_large_image\" \/>\n<meta name=\"twitter:label1\" content=\"Gesch\u00e4tzte Lesezeit\" \/>\n\t<meta name=\"twitter:data1\" content=\"1\u00a0Minute\" \/>\n<script type=\"application\/ld+json\" class=\"yoast-schema-graph\">{\"@context\":\"https:\/\/schema.org\",\"@graph\":[{\"@type\":\"WebPage\",\"@id\":\"https:\/\/campingles2iles.fr\/de\/kontakt-acces\/\",\"url\":\"https:\/\/campingles2iles.fr\/de\/kontakt-acces\/\",\"name\":\"Kontakt Camping Paradis Les 2 \u00celes | Anreise zum Campingplatz in der N\u00e4he von Limoges\",\"isPartOf\":{\"@id\":\"https:\/\/campingles2iles.fr\/de\/#website\"},\"primaryImageOfPage\":{\"@id\":\"https:\/\/campingles2iles.fr\/de\/kontakt-acces\/#primaryimage\"},\"image\":{\"@id\":\"https:\/\/campingles2iles.fr\/de\/kontakt-acces\/#primaryimage\"},\"thumbnailUrl\":\"https:\/\/campingles2iles.fr\/wp-content\/uploads\/sites\/39\/2023\/08\/camping-paradis-deux-iles2.webp\",\"datePublished\":\"2023-06-20T08:45:38+00:00\",\"dateModified\":\"2023-10-26T15:08:47+00:00\",\"breadcrumb\":{\"@id\":\"https:\/\/campingles2iles.fr\/de\/kontakt-acces\/#breadcrumb\"},\"inLanguage\":\"de\",\"potentialAction\":[{\"@type\":\"ReadAction\",\"target\":[\"https:\/\/campingles2iles.fr\/de\/kontakt-acces\/\"]}]},{\"@type\":\"ImageObject\",\"inLanguage\":\"de\",\"@id\":\"https:\/\/campingles2iles.fr\/de\/kontakt-acces\/#primaryimage\",\"url\":\"https:\/\/campingles2iles.fr\/wp-content\/uploads\/sites\/39\/2023\/08\/camping-paradis-deux-iles2.webp\",\"contentUrl\":\"https:\/\/campingles2iles.fr\/wp-content\/uploads\/sites\/39\/2023\/08\/camping-paradis-deux-iles2.webp\",\"width\":1920,\"height\":820},{\"@type\":\"BreadcrumbList\",\"@id\":\"https:\/\/campingles2iles.fr\/de\/kontakt-acces\/#breadcrumb\",\"itemListElement\":[{\"@type\":\"ListItem\",\"position\":1,\"name\":\"Startseite\",\"item\":\"https:\/\/campingles2iles.fr\/de\/\"},{\"@type\":\"ListItem\",\"position\":2,\"name\":\"Kontakt, Wegbeschreibung\"}]},{\"@type\":\"WebSite\",\"@id\":\"https:\/\/campingles2iles.fr\/de\/#website\",\"url\":\"https:\/\/campingles2iles.fr\/de\/\",\"name\":\"Camping Paradis Les 2 Iles- Site Officiel - Meilleur Prix Garanti\",\"description\":\"\",\"publisher\":{\"@id\":\"https:\/\/campingles2iles.fr\/de\/#organization\"},\"potentialAction\":[{\"@type\":\"SearchAction\",\"target\":{\"@type\":\"EntryPoint\",\"urlTemplate\":\"https:\/\/campingles2iles.fr\/de\/?s={search_term_string}\"},\"query-input\":{\"@type\":\"PropertyValueSpecification\",\"valueRequired\":true,\"valueName\":\"search_term_string\"}}],\"inLanguage\":\"de\"},{\"@type\":\"Organization\",\"@id\":\"https:\/\/campingles2iles.fr\/de\/#organization\",\"name\":\"Camping Paradis Les 2 Iles- Site Officiel - Meilleur Prix Garanti\",\"url\":\"https:\/\/campingles2iles.fr\/de\/\",\"logo\":{\"@type\":\"ImageObject\",\"inLanguage\":\"de\",\"@id\":\"https:\/\/campingles2iles.fr\/de\/#\/schema\/logo\/image\/\",\"url\":\"https:\/\/campingles2iles.fr\/wp-content\/uploads\/sites\/39\/2023\/08\/logo-camping-paradis-les-2-iles.png\",\"contentUrl\":\"https:\/\/campingles2iles.fr\/wp-content\/uploads\/sites\/39\/2023\/08\/logo-camping-paradis-les-2-iles.png\",\"width\":766,\"height\":465,\"caption\":\"Camping Paradis Les 2 Iles- Site Officiel - Meilleur Prix Garanti\"},\"image\":{\"@id\":\"https:\/\/campingles2iles.fr\/de\/#\/schema\/logo\/image\/\"}}]}<\/script>\n<!-- \/ Yoast SEO plugin. -->","yoast_head_json":{"title":"Kontakt Camping Paradis Les 2 \u00celes | Anreise zum Campingplatz in der N\u00e4he von Limoges","robots":{"index":"index","follow":"follow","max-snippet":"max-snippet:-1","max-image-preview":"max-image-preview:large","max-video-preview":"max-video-preview:-1"},"canonical":"https:\/\/campingles2iles.fr\/de\/kontakt-acces\/","og_locale":"de_DE","og_type":"article","og_title":"Kontakt Camping Paradis Les 2 \u00celes | Anreise zum Campingplatz in der N\u00e4he von Limoges","og_description":"Kontakt und Zugang Kontaktieren Sie Camping Paradis Haben Sie Fragen oder ben\u00f6tigen Sie weitere Informationen zu Ihrem n\u00e4chsten Aufenthalt auf Camping Paradis in der Haute-Vienne? Z\u00f6gern Sie nicht, uns zu kontaktieren, wir sind hier, um Ihnen zu helfen! Sie k\u00f6nnen uns telefonisch unter +33 (0) 5 55 35 60 81 oder per E-Mail unter folgender [&hellip;]","og_url":"https:\/\/campingles2iles.fr\/de\/kontakt-acces\/","og_site_name":"Camping Paradis Les 2 Iles- Site Officiel - Meilleur Prix Garanti","article_modified_time":"2023-10-26T15:08:47+00:00","og_image":[{"width":1920,"height":820,"url":"http:\/\/campingles2iles.fr\/wp-content\/uploads\/sites\/39\/2023\/08\/camping-paradis-deux-iles2.webp","type":"image\/webp"}],"twitter_card":"summary_large_image","twitter_misc":{"Gesch\u00e4tzte Lesezeit":"1\u00a0Minute"},"schema":{"@context":"https:\/\/schema.org","@graph":[{"@type":"WebPage","@id":"https:\/\/campingles2iles.fr\/de\/kontakt-acces\/","url":"https:\/\/campingles2iles.fr\/de\/kontakt-acces\/","name":"Kontakt Camping Paradis Les 2 \u00celes | Anreise zum Campingplatz in der N\u00e4he von Limoges","isPartOf":{"@id":"https:\/\/campingles2iles.fr\/de\/#website"},"primaryImageOfPage":{"@id":"https:\/\/campingles2iles.fr\/de\/kontakt-acces\/#primaryimage"},"image":{"@id":"https:\/\/campingles2iles.fr\/de\/kontakt-acces\/#primaryimage"},"thumbnailUrl":"https:\/\/campingles2iles.fr\/wp-content\/uploads\/sites\/39\/2023\/08\/camping-paradis-deux-iles2.webp","datePublished":"2023-06-20T08:45:38+00:00","dateModified":"2023-10-26T15:08:47+00:00","breadcrumb":{"@id":"https:\/\/campingles2iles.fr\/de\/kontakt-acces\/#breadcrumb"},"inLanguage":"de","potentialAction":[{"@type":"ReadAction","target":["https:\/\/campingles2iles.fr\/de\/kontakt-acces\/"]}]},{"@type":"ImageObject","inLanguage":"de","@id":"https:\/\/campingles2iles.fr\/de\/kontakt-acces\/#primaryimage","url":"https:\/\/campingles2iles.fr\/wp-content\/uploads\/sites\/39\/2023\/08\/camping-paradis-deux-iles2.webp","contentUrl":"https:\/\/campingles2iles.fr\/wp-content\/uploads\/sites\/39\/2023\/08\/camping-paradis-deux-iles2.webp","width":1920,"height":820},{"@type":"BreadcrumbList","@id":"https:\/\/campingles2iles.fr\/de\/kontakt-acces\/#breadcrumb","itemListElement":[{"@type":"ListItem","position":1,"name":"Startseite","item":"https:\/\/campingles2iles.fr\/de\/"},{"@type":"ListItem","position":2,"name":"Kontakt, Wegbeschreibung"}]},{"@type":"WebSite","@id":"https:\/\/campingles2iles.fr\/de\/#website","url":"https:\/\/campingles2iles.fr\/de\/","name":"Camping Paradis Les 2 Iles- Site Officiel - Meilleur Prix Garanti","description":"","publisher":{"@id":"https:\/\/campingles2iles.fr\/de\/#organization"},"potentialAction":[{"@type":"SearchAction","target":{"@type":"EntryPoint","urlTemplate":"https:\/\/campingles2iles.fr\/de\/?s={search_term_string}"},"query-input":{"@type":"PropertyValueSpecification","valueRequired":true,"valueName":"search_term_string"}}],"inLanguage":"de"},{"@type":"Organization","@id":"https:\/\/campingles2iles.fr\/de\/#organization","name":"Camping Paradis Les 2 Iles- Site Officiel - Meilleur Prix Garanti","url":"https:\/\/campingles2iles.fr\/de\/","logo":{"@type":"ImageObject","inLanguage":"de","@id":"https:\/\/campingles2iles.fr\/de\/#\/schema\/logo\/image\/","url":"https:\/\/campingles2iles.fr\/wp-content\/uploads\/sites\/39\/2023\/08\/logo-camping-paradis-les-2-iles.png","contentUrl":"https:\/\/campingles2iles.fr\/wp-content\/uploads\/sites\/39\/2023\/08\/logo-camping-paradis-les-2-iles.png","width":766,"height":465,"caption":"Camping Paradis Les 2 Iles- Site Officiel - Meilleur Prix Garanti"},"image":{"@id":"https:\/\/campingles2iles.fr\/de\/#\/schema\/logo\/image\/"}}]}},"_links":{"self":[{"href":"https:\/\/campingles2iles.fr\/de\/wp-json\/wp\/v2\/pages\/6460","targetHints":{"allow":["GET"]}}],"collection":[{"href":"https:\/\/campingles2iles.fr\/de\/wp-json\/wp\/v2\/pages"}],"about":[{"href":"https:\/\/campingles2iles.fr\/de\/wp-json\/wp\/v2\/types\/page"}],"author":[{"embeddable":true,"href":"https:\/\/campingles2iles.fr\/de\/wp-json\/wp\/v2\/users\/1"}],"replies":[{"embeddable":true,"href":"https:\/\/campingles2iles.fr\/de\/wp-json\/wp\/v2\/comments?post=6460"}],"version-history":[{"count":1,"href":"https:\/\/campingles2iles.fr\/de\/wp-json\/wp\/v2\/pages\/6460\/revisions"}],"predecessor-version":[{"id":6465,"href":"https:\/\/campingles2iles.fr\/de\/wp-json\/wp\/v2\/pages\/6460\/revisions\/6465"}],"wp:featuredmedia":[{"embeddable":true,"href":"https:\/\/campingles2iles.fr\/de\/wp-json\/wp\/v2\/media\/6437"}],"wp:attachment":[{"href":"https:\/\/campingles2iles.fr\/de\/wp-json\/wp\/v2\/media?parent=6460"}],"curies":[{"name":"wp","href":"https:\/\/api.w.org\/{rel}","templated":true}]}}