{"id":6532,"date":"2023-07-13T16:54:29","date_gmt":"2023-07-13T14:54:29","guid":{"rendered":"https:\/\/campingles2iles.fr\/legale-erwaehnungen\/"},"modified":"2023-10-26T17:08:51","modified_gmt":"2023-10-26T15:08:51","slug":"legale-erwaehnungen","status":"publish","type":"page","link":"https:\/\/campingles2iles.fr\/de\/legale-erwaehnungen\/","title":{"rendered":"Rechtliche Hinweise"},"content":{"rendered":"\n<div class=\"wp-block-group is-layout-constrained wp-container-core-group-is-layout-9ff30091 wp-block-group-is-layout-constrained\" style=\"margin-top:var(--wp--preset--spacing--80);margin-bottom:var(--wp--preset--spacing--80);padding-top:var(--wp--preset--spacing--60);padding-bottom:var(--wp--preset--spacing--60)\">\n<h1 class=\"wp-block-heading alignwide has-text-align-center has-link-color-color has-text-color has-x-large-font-size\" style=\"margin-top:var(--wp--preset--spacing--60);margin-right:var(--wp--preset--spacing--60);margin-bottom:var(--wp--preset--spacing--60);margin-left:var(--wp--preset--spacing--60);padding-top:var(--wp--preset--spacing--60);padding-right:var(--wp--preset--spacing--60);padding-bottom:var(--wp--preset--spacing--60);padding-left:var(--wp--preset--spacing--60);text-transform:capitalize\">Rechtliche Hinweise<\/h1>\n\n\n\n<p class=\"has-text-align-center\">Sehen Sie sich im Folgenden die rechtlichen Hinweise der Website unseres Campingplatzes an.<\/p>\n\n\n\n<h2 class=\"wp-block-heading has-text-align-center\">HERAUSGEBER DER WEBSITE<\/h2>\n\n\n\n<p class=\"has-text-align-center\">Unternehmen: Camping Paradis Les Deux \u00celes<br\/>SIRET-Nummer: 81384288700073<br\/>SIREN: 81384288700073<br\/>APE-Code: 5530Z<br\/>Adresse: Les 2 \u00eeles<br\/>Ort Auphelle<br\/>87470 Peyrat-Le-Ch\u00e2teau<br\/>Email: les2iles.camping@gmail.com<br\/>Verantwortlich f\u00fcr die Ver\u00f6ffentlichung: Alpha Camping<\/p>\n\n\n\n<h2 class=\"wp-block-heading has-text-align-center\">REALISIERUNG<\/h2>\n\n\n\n<p class=\"has-text-align-center\"><strong>GEEK TONIC<\/strong>, vertreten durch Herrn Yohan Darmayan in seiner Eigenschaft als Gesch\u00e4ftsf\u00fchrer<br\/>Hauptsitz: 50 Avenue du Lac Marion 64200 Biarritz<br\/>Tel: 05 32 74 11 52<br\/>E-Mail: support@geek-tonic.com<br\/>Website: <a href=\"https:\/\/www.geek-tonic.com\/\" target=\"_blank\" rel=\"noreferrer noopener\">www.geek-tonic.com<\/a><br\/>SIRET: 89746755100015<br\/>APE: 6201Z<\/p>\n\n\n\n<h2 class=\"wp-block-heading has-text-align-center\">URHEBERRECHT UND URHEBERRECHT<\/h2>\n\n\n\n<p class=\"has-text-align-center\">Der gesamte Inhalt dieser Website unterliegt dem Urheberrecht sowie dem geistigen Eigentum der franz\u00f6sischen Gesetzgebung.<br\/>Jegliche Vervielf\u00e4ltigung (einschlie\u00dflich Fotos, Icons und herunterladbarer Dokumente) ist ohne vorherige Zustimmung von GEEK TONIC untersagt.<br\/>Die Vervielf\u00e4ltigung der gesamten oder eines Teils der Website auf einem elektronischen Datentr\u00e4ger in einem Papier- oder elektronischen Format ist untersagt.<br\/>GEEK TONIC \u00fcbernimmt keine Verantwortung f\u00fcr den Inhalt auf der Website.<br\/>GEEK TONIC \u00fcbernimmt auch keine Verantwortung f\u00fcr externe Links, die auf die vorliegende Seite verweisen.<\/p>\n\n\n\n<h2 class=\"wp-block-heading has-text-align-center\">PERS\u00d6NLICHE DATEN UND NAMENTLICHE INFORMATIONEN<\/h2>\n\n\n\n<p class=\"has-text-align-center\">Sie haben ein Recht auf Zugang, \u00c4nderung, Berichtigung und L\u00f6schung der Sie betreffenden Daten gem\u00e4\u00df Artikel 34 des Gesetzes &#8220;Informatique et Libert\u00e9s&#8221; Nr. 78-17 vom 6. Januar 1978, ge\u00e4ndert am 6. August 2018.<br\/>Um dieses Recht auf Zugang zu entfalten, k\u00f6nnen Sie dies durch eine einfache schriftliche Anfrage an den Herausgeber der Website tun.<\/p>\n\n\n\n<h2 class=\"wp-block-heading has-text-align-center\">LEGISLATION<\/h2>\n\n\n\n<p class=\"has-text-align-center\">Gem\u00e4\u00df dem Gesetz vom 11. M\u00e4rz 1957 (Art. 41) und dem Gesetz \u00fcber geistiges Eigentum vom 1. Juli 1992 ist es verboten, einen Teil der Website ohne vorherige Genehmigung des Herausgebers der Website teilweise oder vollst\u00e4ndig zu reproduzieren.<br\/>Logos, Visualisierungen, Fotos, Videos, Grafikcharts und Texte sind Eigentum ihrer jeweiligen Besitzer.<br\/>Diese Website kann ohne ihr Wissen mit anderen Websites \u00fcber Hypermedia-Links verbunden worden sein. Der Herausgeber der Website \u00fcbernimmt keine Verantwortung f\u00fcr die Informationen, die auf diesen anderen Websites dargestellt werden.<br\/>Der Internetnutzer erkennt an, dass die Nutzung dieser Website dem franz\u00f6sischen Recht unterliegt.<\/p>\n<\/div>\n","protected":false},"excerpt":{"rendered":"<p>Rechtliche Hinweise Sehen Sie sich im Folgenden die rechtlichen Hinweise der Website unseres Campingplatzes an. HERAUSGEBER DER WEBSITE Unternehmen: Camping Paradis Les Deux \u00celesSIRET-Nummer: 81384288700073SIREN: 81384288700073APE-Code: 5530ZAdresse: Les 2 \u00eelesOrt Auphelle87470 Peyrat-Le-Ch\u00e2teauEmail: les2iles.camping@gmail.comVerantwortlich f\u00fcr die Ver\u00f6ffentlichung: Alpha Camping REALISIERUNG GEEK TONIC, vertreten durch Herrn Yohan Darmayan in seiner Eigenschaft als Gesch\u00e4ftsf\u00fchrerHauptsitz: 50 Avenue du Lac [&hellip;]<\/p>\n","protected":false},"author":1,"featured_media":6431,"parent":0,"menu_order":35,"comment_status":"closed","ping_status":"closed","template":"","meta":{"_acf_changed":false,"footnotes":""},"class_list":["post-6532","page","type-page","status-publish","has-post-thumbnail","hentry"],"acf":[],"yoast_head":"<!-- This site is optimized with the Yoast SEO plugin v24.8.1 - https:\/\/yoast.com\/wordpress\/plugins\/seo\/ -->\n<title>Rechtliche Hinweise - Camping Paradis Les 2 Iles- Site Officiel - Meilleur Prix Garanti<\/title>\n<meta name=\"robots\" content=\"noindex, follow\" \/>\n<meta property=\"og:locale\" content=\"de_DE\" \/>\n<meta property=\"og:type\" content=\"article\" \/>\n<meta property=\"og:title\" content=\"Rechtliche Hinweise - Camping Paradis Les 2 Iles- Site Officiel - Meilleur Prix Garanti\" \/>\n<meta property=\"og:description\" content=\"Rechtliche Hinweise Sehen Sie sich im Folgenden die rechtlichen Hinweise der Website unseres Campingplatzes an. HERAUSGEBER DER WEBSITE Unternehmen: Camping Paradis Les Deux \u00celesSIRET-Nummer: 81384288700073SIREN: 81384288700073APE-Code: 5530ZAdresse: Les 2 \u00eelesOrt Auphelle87470 Peyrat-Le-Ch\u00e2teauEmail: les2iles.camping@gmail.comVerantwortlich f\u00fcr die Ver\u00f6ffentlichung: Alpha Camping REALISIERUNG GEEK TONIC, vertreten durch Herrn Yohan Darmayan in seiner Eigenschaft als Gesch\u00e4ftsf\u00fchrerHauptsitz: 50 Avenue du Lac [&hellip;]\" \/>\n<meta property=\"og:url\" content=\"https:\/\/campingles2iles.fr\/de\/legale-erwaehnungen\/\" \/>\n<meta property=\"og:site_name\" content=\"Camping Paradis Les 2 Iles- Site Officiel - Meilleur Prix Garanti\" \/>\n<meta property=\"article:modified_time\" content=\"2023-10-26T15:08:51+00:00\" \/>\n<meta property=\"og:image\" content=\"https:\/\/campingles2iles.fr\/wp-content\/uploads\/sites\/39\/2023\/07\/Camping-Paradis-Chanterelles44_resultat_upscayl_4x_RealESRGAN_General_x4_v3-copie-1-scaled.webp\" \/>\n\t<meta property=\"og:image:width\" content=\"2048\" \/>\n\t<meta property=\"og:image:height\" content=\"546\" \/>\n\t<meta property=\"og:image:type\" content=\"image\/webp\" \/>\n<meta name=\"twitter:card\" content=\"summary_large_image\" \/>\n<meta name=\"twitter:label1\" content=\"Gesch\u00e4tzte Lesezeit\" \/>\n\t<meta name=\"twitter:data1\" content=\"2\u00a0Minuten\" \/>\n<script type=\"application\/ld+json\" class=\"yoast-schema-graph\">{\"@context\":\"https:\/\/schema.org\",\"@graph\":[{\"@type\":\"WebPage\",\"@id\":\"https:\/\/campingles2iles.fr\/de\/legale-erwaehnungen\/\",\"url\":\"https:\/\/campingles2iles.fr\/de\/legale-erwaehnungen\/\",\"name\":\"Rechtliche Hinweise - Camping Paradis Les 2 Iles- Site Officiel - Meilleur Prix Garanti\",\"isPartOf\":{\"@id\":\"https:\/\/campingles2iles.fr\/de\/#website\"},\"primaryImageOfPage\":{\"@id\":\"https:\/\/campingles2iles.fr\/de\/legale-erwaehnungen\/#primaryimage\"},\"image\":{\"@id\":\"https:\/\/campingles2iles.fr\/de\/legale-erwaehnungen\/#primaryimage\"},\"thumbnailUrl\":\"https:\/\/campingles2iles.fr\/wp-content\/uploads\/sites\/39\/2023\/07\/Camping-Paradis-Chanterelles44_resultat_upscayl_4x_RealESRGAN_General_x4_v3-copie-1-scaled.webp\",\"datePublished\":\"2023-07-13T14:54:29+00:00\",\"dateModified\":\"2023-10-26T15:08:51+00:00\",\"breadcrumb\":{\"@id\":\"https:\/\/campingles2iles.fr\/de\/legale-erwaehnungen\/#breadcrumb\"},\"inLanguage\":\"de\",\"potentialAction\":[{\"@type\":\"ReadAction\",\"target\":[\"https:\/\/campingles2iles.fr\/de\/legale-erwaehnungen\/\"]}]},{\"@type\":\"ImageObject\",\"inLanguage\":\"de\",\"@id\":\"https:\/\/campingles2iles.fr\/de\/legale-erwaehnungen\/#primaryimage\",\"url\":\"https:\/\/campingles2iles.fr\/wp-content\/uploads\/sites\/39\/2023\/07\/Camping-Paradis-Chanterelles44_resultat_upscayl_4x_RealESRGAN_General_x4_v3-copie-1-scaled.webp\",\"contentUrl\":\"https:\/\/campingles2iles.fr\/wp-content\/uploads\/sites\/39\/2023\/07\/Camping-Paradis-Chanterelles44_resultat_upscayl_4x_RealESRGAN_General_x4_v3-copie-1-scaled.webp\",\"width\":2048,\"height\":546},{\"@type\":\"BreadcrumbList\",\"@id\":\"https:\/\/campingles2iles.fr\/de\/legale-erwaehnungen\/#breadcrumb\",\"itemListElement\":[{\"@type\":\"ListItem\",\"position\":1,\"name\":\"Startseite\",\"item\":\"https:\/\/campingles2iles.fr\/de\/\"},{\"@type\":\"ListItem\",\"position\":2,\"name\":\"Rechtliche Hinweise\"}]},{\"@type\":\"WebSite\",\"@id\":\"https:\/\/campingles2iles.fr\/de\/#website\",\"url\":\"https:\/\/campingles2iles.fr\/de\/\",\"name\":\"Camping Paradis Les 2 Iles- Site Officiel - Meilleur Prix Garanti\",\"description\":\"\",\"publisher\":{\"@id\":\"https:\/\/campingles2iles.fr\/de\/#organization\"},\"potentialAction\":[{\"@type\":\"SearchAction\",\"target\":{\"@type\":\"EntryPoint\",\"urlTemplate\":\"https:\/\/campingles2iles.fr\/de\/?s={search_term_string}\"},\"query-input\":{\"@type\":\"PropertyValueSpecification\",\"valueRequired\":true,\"valueName\":\"search_term_string\"}}],\"inLanguage\":\"de\"},{\"@type\":\"Organization\",\"@id\":\"https:\/\/campingles2iles.fr\/de\/#organization\",\"name\":\"Camping Paradis Les 2 Iles- Site Officiel - Meilleur Prix Garanti\",\"url\":\"https:\/\/campingles2iles.fr\/de\/\",\"logo\":{\"@type\":\"ImageObject\",\"inLanguage\":\"de\",\"@id\":\"https:\/\/campingles2iles.fr\/de\/#\/schema\/logo\/image\/\",\"url\":\"https:\/\/campingles2iles.fr\/wp-content\/uploads\/sites\/39\/2023\/08\/logo-camping-paradis-les-2-iles.png\",\"contentUrl\":\"https:\/\/campingles2iles.fr\/wp-content\/uploads\/sites\/39\/2023\/08\/logo-camping-paradis-les-2-iles.png\",\"width\":766,\"height\":465,\"caption\":\"Camping Paradis Les 2 Iles- Site Officiel - Meilleur Prix Garanti\"},\"image\":{\"@id\":\"https:\/\/campingles2iles.fr\/de\/#\/schema\/logo\/image\/\"}}]}<\/script>\n<!-- \/ Yoast SEO plugin. -->","yoast_head_json":{"title":"Rechtliche Hinweise - Camping Paradis Les 2 Iles- Site Officiel - Meilleur Prix Garanti","robots":{"index":"noindex","follow":"follow"},"og_locale":"de_DE","og_type":"article","og_title":"Rechtliche Hinweise - Camping Paradis Les 2 Iles- Site Officiel - Meilleur Prix Garanti","og_description":"Rechtliche Hinweise Sehen Sie sich im Folgenden die rechtlichen Hinweise der Website unseres Campingplatzes an. HERAUSGEBER DER WEBSITE Unternehmen: Camping Paradis Les Deux \u00celesSIRET-Nummer: 81384288700073SIREN: 81384288700073APE-Code: 5530ZAdresse: Les 2 \u00eelesOrt Auphelle87470 Peyrat-Le-Ch\u00e2teauEmail: les2iles.camping@gmail.comVerantwortlich f\u00fcr die Ver\u00f6ffentlichung: Alpha Camping REALISIERUNG GEEK TONIC, vertreten durch Herrn Yohan Darmayan in seiner Eigenschaft als Gesch\u00e4ftsf\u00fchrerHauptsitz: 50 Avenue du Lac [&hellip;]","og_url":"https:\/\/campingles2iles.fr\/de\/legale-erwaehnungen\/","og_site_name":"Camping Paradis Les 2 Iles- Site Officiel - Meilleur Prix Garanti","article_modified_time":"2023-10-26T15:08:51+00:00","og_image":[{"width":2048,"height":546,"url":"https:\/\/campingles2iles.fr\/wp-content\/uploads\/sites\/39\/2023\/07\/Camping-Paradis-Chanterelles44_resultat_upscayl_4x_RealESRGAN_General_x4_v3-copie-1-scaled.webp","type":"image\/webp"}],"twitter_card":"summary_large_image","twitter_misc":{"Gesch\u00e4tzte Lesezeit":"2\u00a0Minuten"},"schema":{"@context":"https:\/\/schema.org","@graph":[{"@type":"WebPage","@id":"https:\/\/campingles2iles.fr\/de\/legale-erwaehnungen\/","url":"https:\/\/campingles2iles.fr\/de\/legale-erwaehnungen\/","name":"Rechtliche Hinweise - Camping Paradis Les 2 Iles- Site Officiel - Meilleur Prix Garanti","isPartOf":{"@id":"https:\/\/campingles2iles.fr\/de\/#website"},"primaryImageOfPage":{"@id":"https:\/\/campingles2iles.fr\/de\/legale-erwaehnungen\/#primaryimage"},"image":{"@id":"https:\/\/campingles2iles.fr\/de\/legale-erwaehnungen\/#primaryimage"},"thumbnailUrl":"https:\/\/campingles2iles.fr\/wp-content\/uploads\/sites\/39\/2023\/07\/Camping-Paradis-Chanterelles44_resultat_upscayl_4x_RealESRGAN_General_x4_v3-copie-1-scaled.webp","datePublished":"2023-07-13T14:54:29+00:00","dateModified":"2023-10-26T15:08:51+00:00","breadcrumb":{"@id":"https:\/\/campingles2iles.fr\/de\/legale-erwaehnungen\/#breadcrumb"},"inLanguage":"de","potentialAction":[{"@type":"ReadAction","target":["https:\/\/campingles2iles.fr\/de\/legale-erwaehnungen\/"]}]},{"@type":"ImageObject","inLanguage":"de","@id":"https:\/\/campingles2iles.fr\/de\/legale-erwaehnungen\/#primaryimage","url":"https:\/\/campingles2iles.fr\/wp-content\/uploads\/sites\/39\/2023\/07\/Camping-Paradis-Chanterelles44_resultat_upscayl_4x_RealESRGAN_General_x4_v3-copie-1-scaled.webp","contentUrl":"https:\/\/campingles2iles.fr\/wp-content\/uploads\/sites\/39\/2023\/07\/Camping-Paradis-Chanterelles44_resultat_upscayl_4x_RealESRGAN_General_x4_v3-copie-1-scaled.webp","width":2048,"height":546},{"@type":"BreadcrumbList","@id":"https:\/\/campingles2iles.fr\/de\/legale-erwaehnungen\/#breadcrumb","itemListElement":[{"@type":"ListItem","position":1,"name":"Startseite","item":"https:\/\/campingles2iles.fr\/de\/"},{"@type":"ListItem","position":2,"name":"Rechtliche Hinweise"}]},{"@type":"WebSite","@id":"https:\/\/campingles2iles.fr\/de\/#website","url":"https:\/\/campingles2iles.fr\/de\/","name":"Camping Paradis Les 2 Iles- Site Officiel - Meilleur Prix Garanti","description":"","publisher":{"@id":"https:\/\/campingles2iles.fr\/de\/#organization"},"potentialAction":[{"@type":"SearchAction","target":{"@type":"EntryPoint","urlTemplate":"https:\/\/campingles2iles.fr\/de\/?s={search_term_string}"},"query-input":{"@type":"PropertyValueSpecification","valueRequired":true,"valueName":"search_term_string"}}],"inLanguage":"de"},{"@type":"Organization","@id":"https:\/\/campingles2iles.fr\/de\/#organization","name":"Camping Paradis Les 2 Iles- Site Officiel - Meilleur Prix Garanti","url":"https:\/\/campingles2iles.fr\/de\/","logo":{"@type":"ImageObject","inLanguage":"de","@id":"https:\/\/campingles2iles.fr\/de\/#\/schema\/logo\/image\/","url":"https:\/\/campingles2iles.fr\/wp-content\/uploads\/sites\/39\/2023\/08\/logo-camping-paradis-les-2-iles.png","contentUrl":"https:\/\/campingles2iles.fr\/wp-content\/uploads\/sites\/39\/2023\/08\/logo-camping-paradis-les-2-iles.png","width":766,"height":465,"caption":"Camping Paradis Les 2 Iles- Site Officiel - Meilleur Prix Garanti"},"image":{"@id":"https:\/\/campingles2iles.fr\/de\/#\/schema\/logo\/image\/"}}]}},"_links":{"self":[{"href":"https:\/\/campingles2iles.fr\/de\/wp-json\/wp\/v2\/pages\/6532","targetHints":{"allow":["GET"]}}],"collection":[{"href":"https:\/\/campingles2iles.fr\/de\/wp-json\/wp\/v2\/pages"}],"about":[{"href":"https:\/\/campingles2iles.fr\/de\/wp-json\/wp\/v2\/types\/page"}],"author":[{"embeddable":true,"href":"https:\/\/campingles2iles.fr\/de\/wp-json\/wp\/v2\/users\/1"}],"replies":[{"embeddable":true,"href":"https:\/\/campingles2iles.fr\/de\/wp-json\/wp\/v2\/comments?post=6532"}],"version-history":[{"count":1,"href":"https:\/\/campingles2iles.fr\/de\/wp-json\/wp\/v2\/pages\/6532\/revisions"}],"predecessor-version":[{"id":6537,"href":"https:\/\/campingles2iles.fr\/de\/wp-json\/wp\/v2\/pages\/6532\/revisions\/6537"}],"wp:featuredmedia":[{"embeddable":true,"href":"https:\/\/campingles2iles.fr\/de\/wp-json\/wp\/v2\/media\/6431"}],"wp:attachment":[{"href":"https:\/\/campingles2iles.fr\/de\/wp-json\/wp\/v2\/media?parent=6532"}],"curies":[{"name":"wp","href":"https:\/\/api.w.org\/{rel}","templated":true}]}}