{"id":6294,"date":"2023-07-13T16:54:29","date_gmt":"2023-07-13T14:54:29","guid":{"rendered":"https:\/\/campingles2iles.fr\/full-marks\/"},"modified":"2023-10-26T17:08:44","modified_gmt":"2023-10-26T15:08:44","slug":"full-marks","status":"publish","type":"page","link":"https:\/\/campingles2iles.fr\/en\/full-marks\/","title":{"rendered":"Terms of use"},"content":{"rendered":"\n<div class=\"wp-block-group is-layout-constrained wp-container-core-group-is-layout-9ff30091 wp-block-group-is-layout-constrained\" style=\"margin-top:var(--wp--preset--spacing--80);margin-bottom:var(--wp--preset--spacing--80);padding-top:var(--wp--preset--spacing--60);padding-bottom:var(--wp--preset--spacing--60)\">\n<h1 class=\"wp-block-heading alignwide has-text-align-center has-link-color-color has-text-color has-x-large-font-size\" style=\"margin-top:var(--wp--preset--spacing--60);margin-right:var(--wp--preset--spacing--60);margin-bottom:var(--wp--preset--spacing--60);margin-left:var(--wp--preset--spacing--60);padding-top:var(--wp--preset--spacing--60);padding-right:var(--wp--preset--spacing--60);padding-bottom:var(--wp--preset--spacing--60);padding-left:var(--wp--preset--spacing--60);text-transform:capitalize\">Legal information<\/h1>\n\n\n\n<p class=\"has-text-align-center\">Please consult the legal notices of our campsite website.<\/p>\n\n\n\n<h2 class=\"wp-block-heading has-text-align-center\">WEBSITE PUBLISHER<\/h2>\n\n\n\n<p class=\"has-text-align-center\">Company: Camping Paradis Les Deux \u00celes<br\/>SIRET number: 81384288700073<br\/>SIREN : 81384288700073<br\/>APE Code: 5530Z<br\/>Address: Les 2 \u00eeles<br\/>Lieu-dit Auphelle<br\/>87470 Peyrat-Le-Ch\u00e2teau<br\/>Email : les2iles.camping@gmail.com<br\/>Publication manager : Alpha Camping<\/p>\n\n\n\n<h2 class=\"wp-block-heading has-text-align-center\">PRODUCTION<\/h2>\n\n\n\n<p class=\"has-text-align-center\"><strong>GEEK TONIC<\/strong>, Represented by Mr Yohan Darmayan in his capacity as Manager<br\/>Registered office: 50 Avenue du Lac Marion 64200 Biarritz<br\/>Tel: 05 32 74 11 52<br\/>E-mail: support@geek-tonic.com<br\/>Website: <a href=\"https:\/\/www.geek-tonic.com\/\" target=\"_blank\" rel=\"noreferrer noopener\">www.geek-tonic.com<\/a><br\/>SIRET : 89746755100015<br\/>APE : 6201Z<\/p>\n\n\n\n<h2 class=\"wp-block-heading has-text-align-center\">COPYRIGHTS AND COPYRIGHT<\/h2>\n\n\n\n<p class=\"has-text-align-center\">The entire content of this site is protected by French copyright and intellectual property laws.<br\/>Any reproduction (including photos, icons and downloadable documents) is prohibited without prior consent from GEEK TONIC.<br\/>Reproduction on electronic media of all or part of the site in paper or electronic format is prohibited.<br\/>GEEK TONIC is not responsible for the content of the website.<br\/>GEEK TONIC also declines all responsibility for external links pointing to this site.<\/p>\n\n\n\n<h2 class=\"wp-block-heading has-text-align-center\">PERSONAL DATA AND NOMINATIVE INFORMATION<\/h2>\n\n\n\n<p class=\"has-text-align-center\">You have the right to access, modify, rectify and delete data concerning you in accordance with Article 34 of the French Data Protection Act (Loi &#8221; Informatique et Libert\u00e9s &#8221; n\u00b0 78-17 du 6 janvier 1978, modified on August 6, 2018).<br\/>To exercise your right of access, simply send a written request to the site editor.<\/p>\n\n\n\n<h2 class=\"wp-block-heading has-text-align-center\">LEGISLATION<\/h2>\n\n\n\n<p class=\"has-text-align-center\">In accordance with the law of March 11, 1957 (art. 41) and the intellectual property code of July 1, 1992, it is forbidden to reproduce any part of the site in whole or in part without prior authorization from the site editor.<br\/>Logos, visuals, photos, videos, graphic charts and texts are the property of their respective owners.<br\/>This site may be linked to other sites through hyperlinks. The site editor declines all responsibility for the information presented on these other sites.<br\/>The Internet user acknowledges that use of this site is governed by French law.<\/p>\n<\/div>\n","protected":false},"excerpt":{"rendered":"<p>Legal information Please consult the legal notices of our campsite website. WEBSITE PUBLISHER Company: Camping Paradis Les Deux \u00celesSIRET number: 81384288700073SIREN : 81384288700073APE Code: 5530ZAddress: Les 2 \u00eelesLieu-dit Auphelle87470 Peyrat-Le-Ch\u00e2teauEmail : les2iles.camping@gmail.comPublication manager : Alpha Camping PRODUCTION GEEK TONIC, Represented by Mr Yohan Darmayan in his capacity as ManagerRegistered office: 50 Avenue du Lac Marion [&hellip;]<\/p>\n","protected":false},"author":1,"featured_media":6168,"parent":0,"menu_order":39,"comment_status":"closed","ping_status":"closed","template":"","meta":{"_acf_changed":false,"footnotes":""},"class_list":["post-6294","page","type-page","status-publish","has-post-thumbnail","hentry"],"acf":[],"yoast_head":"<!-- This site is optimized with the Yoast SEO plugin v24.8.1 - https:\/\/yoast.com\/wordpress\/plugins\/seo\/ -->\n<title>Terms of use - Camping Paradis Les 2 Iles- Site Officiel - Meilleur Prix Garanti<\/title>\n<meta name=\"robots\" content=\"noindex, follow\" \/>\n<meta property=\"og:locale\" content=\"en_US\" \/>\n<meta property=\"og:type\" content=\"article\" \/>\n<meta property=\"og:title\" content=\"Terms of use - Camping Paradis Les 2 Iles- Site Officiel - Meilleur Prix Garanti\" \/>\n<meta property=\"og:description\" content=\"Legal information Please consult the legal notices of our campsite website. WEBSITE PUBLISHER Company: Camping Paradis Les Deux \u00celesSIRET number: 81384288700073SIREN : 81384288700073APE Code: 5530ZAddress: Les 2 \u00eelesLieu-dit Auphelle87470 Peyrat-Le-Ch\u00e2teauEmail : les2iles.camping@gmail.comPublication manager : Alpha Camping PRODUCTION GEEK TONIC, Represented by Mr Yohan Darmayan in his capacity as ManagerRegistered office: 50 Avenue du Lac Marion [&hellip;]\" \/>\n<meta property=\"og:url\" content=\"https:\/\/campingles2iles.fr\/en\/full-marks\/\" \/>\n<meta property=\"og:site_name\" content=\"Camping Paradis Les 2 Iles- Site Officiel - Meilleur Prix Garanti\" \/>\n<meta property=\"article:modified_time\" content=\"2023-10-26T15:08:44+00:00\" \/>\n<meta property=\"og:image\" content=\"https:\/\/campingles2iles.fr\/wp-content\/uploads\/sites\/39\/2023\/07\/Camping-Paradis-Chanterelles44_resultat_upscayl_4x_RealESRGAN_General_x4_v3-copie-1-scaled.webp\" \/>\n\t<meta property=\"og:image:width\" content=\"2048\" \/>\n\t<meta property=\"og:image:height\" content=\"546\" \/>\n\t<meta property=\"og:image:type\" content=\"image\/webp\" \/>\n<meta name=\"twitter:card\" content=\"summary_large_image\" \/>\n<meta name=\"twitter:label1\" content=\"Est. reading time\" \/>\n\t<meta name=\"twitter:data1\" content=\"1 minute\" \/>\n<script type=\"application\/ld+json\" class=\"yoast-schema-graph\">{\"@context\":\"https:\/\/schema.org\",\"@graph\":[{\"@type\":\"WebPage\",\"@id\":\"https:\/\/campingles2iles.fr\/en\/full-marks\/\",\"url\":\"https:\/\/campingles2iles.fr\/en\/full-marks\/\",\"name\":\"Terms of use - Camping Paradis Les 2 Iles- Site Officiel - Meilleur Prix Garanti\",\"isPartOf\":{\"@id\":\"https:\/\/campingles2iles.fr\/en\/#website\"},\"primaryImageOfPage\":{\"@id\":\"https:\/\/campingles2iles.fr\/en\/full-marks\/#primaryimage\"},\"image\":{\"@id\":\"https:\/\/campingles2iles.fr\/en\/full-marks\/#primaryimage\"},\"thumbnailUrl\":\"https:\/\/campingles2iles.fr\/wp-content\/uploads\/sites\/39\/2023\/07\/Camping-Paradis-Chanterelles44_resultat_upscayl_4x_RealESRGAN_General_x4_v3-copie-1-scaled.webp\",\"datePublished\":\"2023-07-13T14:54:29+00:00\",\"dateModified\":\"2023-10-26T15:08:44+00:00\",\"breadcrumb\":{\"@id\":\"https:\/\/campingles2iles.fr\/en\/full-marks\/#breadcrumb\"},\"inLanguage\":\"en-US\",\"potentialAction\":[{\"@type\":\"ReadAction\",\"target\":[\"https:\/\/campingles2iles.fr\/en\/full-marks\/\"]}]},{\"@type\":\"ImageObject\",\"inLanguage\":\"en-US\",\"@id\":\"https:\/\/campingles2iles.fr\/en\/full-marks\/#primaryimage\",\"url\":\"https:\/\/campingles2iles.fr\/wp-content\/uploads\/sites\/39\/2023\/07\/Camping-Paradis-Chanterelles44_resultat_upscayl_4x_RealESRGAN_General_x4_v3-copie-1-scaled.webp\",\"contentUrl\":\"https:\/\/campingles2iles.fr\/wp-content\/uploads\/sites\/39\/2023\/07\/Camping-Paradis-Chanterelles44_resultat_upscayl_4x_RealESRGAN_General_x4_v3-copie-1-scaled.webp\",\"width\":2048,\"height\":546},{\"@type\":\"BreadcrumbList\",\"@id\":\"https:\/\/campingles2iles.fr\/en\/full-marks\/#breadcrumb\",\"itemListElement\":[{\"@type\":\"ListItem\",\"position\":1,\"name\":\"Home\",\"item\":\"https:\/\/campingles2iles.fr\/en\/\"},{\"@type\":\"ListItem\",\"position\":2,\"name\":\"Terms of use\"}]},{\"@type\":\"WebSite\",\"@id\":\"https:\/\/campingles2iles.fr\/en\/#website\",\"url\":\"https:\/\/campingles2iles.fr\/en\/\",\"name\":\"Camping Paradis Les 2 Iles- Site Officiel - Meilleur Prix Garanti\",\"description\":\"\",\"publisher\":{\"@id\":\"https:\/\/campingles2iles.fr\/en\/#organization\"},\"potentialAction\":[{\"@type\":\"SearchAction\",\"target\":{\"@type\":\"EntryPoint\",\"urlTemplate\":\"https:\/\/campingles2iles.fr\/en\/?s={search_term_string}\"},\"query-input\":{\"@type\":\"PropertyValueSpecification\",\"valueRequired\":true,\"valueName\":\"search_term_string\"}}],\"inLanguage\":\"en-US\"},{\"@type\":\"Organization\",\"@id\":\"https:\/\/campingles2iles.fr\/en\/#organization\",\"name\":\"Camping Paradis Les 2 Iles- Site Officiel - Meilleur Prix Garanti\",\"url\":\"https:\/\/campingles2iles.fr\/en\/\",\"logo\":{\"@type\":\"ImageObject\",\"inLanguage\":\"en-US\",\"@id\":\"https:\/\/campingles2iles.fr\/en\/#\/schema\/logo\/image\/\",\"url\":\"https:\/\/campingles2iles.fr\/wp-content\/uploads\/sites\/39\/2023\/08\/logo-camping-paradis-les-2-iles.png\",\"contentUrl\":\"https:\/\/campingles2iles.fr\/wp-content\/uploads\/sites\/39\/2023\/08\/logo-camping-paradis-les-2-iles.png\",\"width\":766,\"height\":465,\"caption\":\"Camping Paradis Les 2 Iles- Site Officiel - Meilleur Prix Garanti\"},\"image\":{\"@id\":\"https:\/\/campingles2iles.fr\/en\/#\/schema\/logo\/image\/\"}}]}<\/script>\n<!-- \/ Yoast SEO plugin. -->","yoast_head_json":{"title":"Terms of use - Camping Paradis Les 2 Iles- Site Officiel - Meilleur Prix Garanti","robots":{"index":"noindex","follow":"follow"},"og_locale":"en_US","og_type":"article","og_title":"Terms of use - Camping Paradis Les 2 Iles- Site Officiel - Meilleur Prix Garanti","og_description":"Legal information Please consult the legal notices of our campsite website. WEBSITE PUBLISHER Company: Camping Paradis Les Deux \u00celesSIRET number: 81384288700073SIREN : 81384288700073APE Code: 5530ZAddress: Les 2 \u00eelesLieu-dit Auphelle87470 Peyrat-Le-Ch\u00e2teauEmail : les2iles.camping@gmail.comPublication manager : Alpha Camping PRODUCTION GEEK TONIC, Represented by Mr Yohan Darmayan in his capacity as ManagerRegistered office: 50 Avenue du Lac Marion [&hellip;]","og_url":"https:\/\/campingles2iles.fr\/en\/full-marks\/","og_site_name":"Camping Paradis Les 2 Iles- Site Officiel - Meilleur Prix Garanti","article_modified_time":"2023-10-26T15:08:44+00:00","og_image":[{"width":2048,"height":546,"url":"https:\/\/campingles2iles.fr\/wp-content\/uploads\/sites\/39\/2023\/07\/Camping-Paradis-Chanterelles44_resultat_upscayl_4x_RealESRGAN_General_x4_v3-copie-1-scaled.webp","type":"image\/webp"}],"twitter_card":"summary_large_image","twitter_misc":{"Est. reading time":"1 minute"},"schema":{"@context":"https:\/\/schema.org","@graph":[{"@type":"WebPage","@id":"https:\/\/campingles2iles.fr\/en\/full-marks\/","url":"https:\/\/campingles2iles.fr\/en\/full-marks\/","name":"Terms of use - Camping Paradis Les 2 Iles- Site Officiel - Meilleur Prix Garanti","isPartOf":{"@id":"https:\/\/campingles2iles.fr\/en\/#website"},"primaryImageOfPage":{"@id":"https:\/\/campingles2iles.fr\/en\/full-marks\/#primaryimage"},"image":{"@id":"https:\/\/campingles2iles.fr\/en\/full-marks\/#primaryimage"},"thumbnailUrl":"https:\/\/campingles2iles.fr\/wp-content\/uploads\/sites\/39\/2023\/07\/Camping-Paradis-Chanterelles44_resultat_upscayl_4x_RealESRGAN_General_x4_v3-copie-1-scaled.webp","datePublished":"2023-07-13T14:54:29+00:00","dateModified":"2023-10-26T15:08:44+00:00","breadcrumb":{"@id":"https:\/\/campingles2iles.fr\/en\/full-marks\/#breadcrumb"},"inLanguage":"en-US","potentialAction":[{"@type":"ReadAction","target":["https:\/\/campingles2iles.fr\/en\/full-marks\/"]}]},{"@type":"ImageObject","inLanguage":"en-US","@id":"https:\/\/campingles2iles.fr\/en\/full-marks\/#primaryimage","url":"https:\/\/campingles2iles.fr\/wp-content\/uploads\/sites\/39\/2023\/07\/Camping-Paradis-Chanterelles44_resultat_upscayl_4x_RealESRGAN_General_x4_v3-copie-1-scaled.webp","contentUrl":"https:\/\/campingles2iles.fr\/wp-content\/uploads\/sites\/39\/2023\/07\/Camping-Paradis-Chanterelles44_resultat_upscayl_4x_RealESRGAN_General_x4_v3-copie-1-scaled.webp","width":2048,"height":546},{"@type":"BreadcrumbList","@id":"https:\/\/campingles2iles.fr\/en\/full-marks\/#breadcrumb","itemListElement":[{"@type":"ListItem","position":1,"name":"Home","item":"https:\/\/campingles2iles.fr\/en\/"},{"@type":"ListItem","position":2,"name":"Terms of use"}]},{"@type":"WebSite","@id":"https:\/\/campingles2iles.fr\/en\/#website","url":"https:\/\/campingles2iles.fr\/en\/","name":"Camping Paradis Les 2 Iles- Site Officiel - Meilleur Prix Garanti","description":"","publisher":{"@id":"https:\/\/campingles2iles.fr\/en\/#organization"},"potentialAction":[{"@type":"SearchAction","target":{"@type":"EntryPoint","urlTemplate":"https:\/\/campingles2iles.fr\/en\/?s={search_term_string}"},"query-input":{"@type":"PropertyValueSpecification","valueRequired":true,"valueName":"search_term_string"}}],"inLanguage":"en-US"},{"@type":"Organization","@id":"https:\/\/campingles2iles.fr\/en\/#organization","name":"Camping Paradis Les 2 Iles- Site Officiel - Meilleur Prix Garanti","url":"https:\/\/campingles2iles.fr\/en\/","logo":{"@type":"ImageObject","inLanguage":"en-US","@id":"https:\/\/campingles2iles.fr\/en\/#\/schema\/logo\/image\/","url":"https:\/\/campingles2iles.fr\/wp-content\/uploads\/sites\/39\/2023\/08\/logo-camping-paradis-les-2-iles.png","contentUrl":"https:\/\/campingles2iles.fr\/wp-content\/uploads\/sites\/39\/2023\/08\/logo-camping-paradis-les-2-iles.png","width":766,"height":465,"caption":"Camping Paradis Les 2 Iles- Site Officiel - Meilleur Prix Garanti"},"image":{"@id":"https:\/\/campingles2iles.fr\/en\/#\/schema\/logo\/image\/"}}]}},"_links":{"self":[{"href":"https:\/\/campingles2iles.fr\/en\/wp-json\/wp\/v2\/pages\/6294","targetHints":{"allow":["GET"]}}],"collection":[{"href":"https:\/\/campingles2iles.fr\/en\/wp-json\/wp\/v2\/pages"}],"about":[{"href":"https:\/\/campingles2iles.fr\/en\/wp-json\/wp\/v2\/types\/page"}],"author":[{"embeddable":true,"href":"https:\/\/campingles2iles.fr\/en\/wp-json\/wp\/v2\/users\/1"}],"replies":[{"embeddable":true,"href":"https:\/\/campingles2iles.fr\/en\/wp-json\/wp\/v2\/comments?post=6294"}],"version-history":[{"count":1,"href":"https:\/\/campingles2iles.fr\/en\/wp-json\/wp\/v2\/pages\/6294\/revisions"}],"predecessor-version":[{"id":6307,"href":"https:\/\/campingles2iles.fr\/en\/wp-json\/wp\/v2\/pages\/6294\/revisions\/6307"}],"wp:featuredmedia":[{"embeddable":true,"href":"https:\/\/campingles2iles.fr\/en\/wp-json\/wp\/v2\/media\/6168"}],"wp:attachment":[{"href":"https:\/\/campingles2iles.fr\/en\/wp-json\/wp\/v2\/media?parent=6294"}],"curies":[{"name":"wp","href":"https:\/\/api.w.org\/{rel}","templated":true}]}}